{"id":2142,"date":"2016-03-29T13:54:12","date_gmt":"2016-03-29T13:54:12","guid":{"rendered":"http:\/\/lescheminsdemusarde.fr\/?page_id=2142"},"modified":"2026-03-31T09:19:54","modified_gmt":"2026-03-31T08:19:54","slug":"qui-sommes-nous","status":"publish","type":"page","link":"https:\/\/lescheminsdemusarde.fr\/?page_id=2142","title":{"rendered":"Ailleurs, c&rsquo;est ici ! En fait, qui est ce photo-randonneur ?"},"content":{"rendered":"<h4 style=\"text-align: justify;\"><span style=\"color: #000080;\">Les chemins de musarde, un site internet \u00e0 d\u00e9couvrir &#8230;<br \/><\/span><\/h4>\n<h4 style=\"text-align: justify;\"><span style=\"color: #000080;\">Les photos et les textes sont sign\u00e9s \u00ab\u00a0jpcanc\u00e9 photo\u00a0\u00bb p<\/span><span style=\"color: #000080;\">our www.lescheminsdemusarde.fr <\/span><span style=\"color: #0000ff;\"><br \/><\/span><\/h4>\n<p style=\"text-align: center;\"><strong>&#8212;&#8212;&#8212;&#8212;&#8212;&#8212;&#8212;&#8212;&#8212;&#8212;&#8212;&#8212;&#8212;-<\/strong><\/p>\n<h4 style=\"text-align: justify;\"><span style=\"color: #ff0000;\"><em><strong>Avant toute chose, une information d&rsquo;importance : ce site internet est SANS PUBLICIT\u00c9.<\/strong><\/em><\/span><\/h4>\n<h5 style=\"text-align: justify;\"><span style=\"color: #003366;\"><strong>Hol\u00e0, c&rsquo;est moi jpcanc\u00e9 !\u00a0 <\/strong><\/span><span style=\"color: #003366;\"><strong>Bienvenu sur le site internet \u00ab\u00a0les chemins de musarde\u00a0\u00bb d&rsquo;un randonneur \u00e0 pied et \u00e0 bicyclette, marinier de Loire \u00e0 l&rsquo;occasion, cano\u00e9iste aussi, philosophe, utopiste, humaniste, contemplatif, surtout rebelle et libre, mais aussi photo-randonneur amateur&#8230; et mauvais caract\u00e8re !\u00a0<\/strong><\/span><\/h5>\n<h5 style=\"text-align: justify;\"><span style=\"color: #003366;\"><strong>Outre les pages sur la randonn\u00e9e et les voyages \u00e0 pied et \u00e0 bicyclette, ce site internet reprend un r\u00e9pertoire intitul\u00e9 \u00ab\u00a0Chemins d&rsquo;Ailleurs\u00a0\u00bb o\u00f9 vous retrouverez les photos \u00ab\u00a0coups de c\u0153ur\u00a0\u00bb d&rsquo;itin\u00e9rances p\u00e9destres, une page de photos et articles sur \u00ab\u00a0la rivi\u00e8re\u00a0\u00bb magique qu&rsquo;est la Loire et sa batellerie et une nouvelle rubrique \u00ab\u00a0Photo Naturaliste\u00a0\u00bb \u00e0 d\u00e9couvrir.<\/strong><\/span><\/h5>\n<h5 style=\"text-align: justify;\"><span style=\"color: #003366;\"><strong>Soyez fid\u00e8les \u00e0 cette adresse <span style=\"color: #ff6600;\"><a style=\"color: #ff6600;\" href=\"http:\/\/www.lescheminsdemusarde.fr\">http:\/\/www.lescheminsdemusarde.fr<\/a><\/span> qui vous contera des aventures, \u00e0 pied, \u00e0 bicyclette, en cano\u00e9 et avec la batellerie de Loire. Cependant la prudence sera de rigueur, dans le respect de Dame nature.<\/strong><\/span><\/h5>\n<h5 style=\"text-align: justify;\"><span style=\"color: #003366;\"><strong>Bonnes visites&#8230;<\/strong><\/span><\/h5>\n<h5 style=\"text-align: justify;\"><span style=\"color: #008080;\"><em><strong>Photos d&rsquo;ent\u00eate r\u00e9alis\u00e9es par \u00ab\u00a0jpcanc\u00e9 photo\u00a0\u00bb pour www.lescheminsdemusarde.fr lors de ses p\u00e9r\u00e9grinations touristiques.<br \/><\/strong><\/em><\/span><\/h5>\n<h5><span style=\"color: #800000;\"><span style=\"color: #000080;\">Et aussi, un peu de modernit\u00e9 avec notre page Facebook \u00ab\u00a0Les chemins de musarde\u00a0\u00bb \u00e0 l&rsquo;adresse suivante :<\/span> <span style=\"color: #ff6600;\"><a style=\"color: #ff6600;\" href=\"https:\/\/www.facebook.com\/pedibuscyclus\/\">https:\/\/www.facebook.com\/pedibuscyclus\/<\/a><\/span><\/span><\/h5>\n<h3 class=\"western\"><em><strong><span style=\"color: #0000ff;\"><img loading=\"lazy\" decoding=\"async\" class=\"alignleft size-thumbnail wp-image-1264\" src=\"https:\/\/lescheminsdemusarde.fr\/wp-content\/uploads\/2015\/08\/Daft-Punk-2-150x150.jpg\" alt=\"\" width=\"150\" height=\"150\" \/><\/span><\/strong><\/em><span style=\"color: #0000ff;\"><span style=\"color: #000080;\">Mieux conna\u00eetre ce touche \u00e0 tout, homme de Loire, photo-randonneur amateur ?\u00a0 <\/span><\/span><\/h3>\n<h4 class=\"western\"><span style=\"color: #000080;\">Je suis un passionn\u00e9 de randonn\u00e9e, \u00e0 pied, \u00e0 bicyclette, mais aussi de la \u00ab\u00a0rivi\u00e8re\u00a0\u00bb Loire et de sa batellerie, de photos et d&rsquo;amour pour Dame Nature.<\/span><\/h4>\n<h4><span style=\"color: #000080;\">Je suis depuis toujours un photo-randonneur, mon activit\u00e9 pr\u00e9f\u00e9r\u00e9e. Mes r\u00eaves sont devenus r\u00e9alit\u00e9 le jour de la retraite. L&rsquo;esprit enfin libre, j&rsquo;ai r\u00e9alis\u00e9 de nombreux d\u00e9fis comme, en premier, le voyage \u00e0 pied \u00e0 St Jacques-de-Compostelle, ensuite le tour de Corse \u00e0 bicyclette en toute autonomie ou encore un voyage itin\u00e9rant \u00e0 v\u00e9lo de Vallorcine au Stelvio, c\u00e9l\u00e8bre col italien, via la Suisse du Sud et l&rsquo;Italie du Nord et bien d&rsquo;autres voyages en autonomie, \u00e0 bicyclette et \u00e0 pied, aux quatre coins de notre beau pays&#8230;<\/span><\/h4>\n<h4 class=\"western\" align=\"JUSTIFY\"><span style=\"color: #000080;\">Outre \u00ab\u00a0la balade\u00a0\u00bb \u00e0 Compostelle, j&rsquo;ai aussi accompli de nombreux voyages \u00e0 pied, comme la randonn\u00e9e Stevenson, le tour de Belle-\u00cele (3 fois), le tour des monts d&rsquo;Aubrac, la Grande Travers\u00e9e du Jura<\/span><span style=\"color: #000080;\"> et de multiples itin\u00e9rances en Loir-et-Cher et ailleurs en France, etc&#8230; <\/span><em><span style=\"color: #000080;\"><br \/><\/span><\/em><\/h4>\n<h4 class=\"western\" align=\"JUSTIFY\"><span style=\"color: #000080;\">Amoureux de \u00ab\u00a0la rivi\u00e8re\u00a0\u00bb, je suis aussi, \u00e0 l&rsquo;occasion, un marinier de Loire et un cano\u00e9iste, photographe amateur de la batellerie. Bien qu&rsquo;originaire du Bourbonnais (Allier), des bords du Cher et de la for\u00eat de Tron\u00e7ais, je suis devenu au fil des ann\u00e9es un lig\u00e9rien du Val de Loire pr\u00e8s de Chambord en Loir-et-Cher.<\/span><span style=\"color: #000080;\"><span style=\"color: #0000ff;\"> \u00ab\u00a0Marinier de Loire va toujours beau, gueux sur terre, seigneur sur l&rsquo;eau\u00a0\u00bb.<\/span><\/span><em><span style=\"color: #000080;\"><br \/><\/span><\/em><\/h4>\n<h4 class=\"western\" align=\"JUSTIFY\"><span style=\"color: #000080;\">Je suis adh\u00e9rent de la F\u00e9d\u00e9ration Fran\u00e7aise de la Randonn\u00e9e P\u00e9destre (FFRandonn\u00e9e) depuis de tr\u00e8s nombreuses ann\u00e9es. <\/span><span style=\"color: #000080;\">En randonn\u00e9e p\u00e9destre, activit\u00e9 que je pratique r\u00e9guli\u00e8rement plusieurs fois par semaine, seul, avec un groupe informel ou avec mon club de randonn\u00e9e, je privil\u00e9gie le nez au vent, l&rsquo;autonomie et l&rsquo;itin\u00e9rance, avec le sac \u00e0 dos, les jumelles et l&rsquo;appareil photos. La randonn\u00e9e p\u00e9destre devient, au fil des ann\u00e9es, l&rsquo;\u00e2ge aidant, mon activit\u00e9 principale de randonneur.<\/span><em><span style=\"color: #000080;\"><br \/><\/span><\/em><\/h4>\n<h4 class=\"western\" align=\"JUSTIFY\"><span style=\"color: #000080;\">Pour ce qui est du tourisme \u00e0 bicyclette, ancien b\u00e9n\u00e9vole des instances f\u00e9d\u00e9r\u00e9es pendant 32 ann\u00e9es, je ne roule pratiquement plus par choix. J&rsquo;aimais, par le pass\u00e9, la balade curieuse sur tous les terrains, seul ou avec des amis proches plut\u00f4t que mal accompagn\u00e9, en <\/span><span style=\"color: #000080;\">autonomie et ind\u00e9pendance, sur les petites routes et sur les chemins blancs, avec l&rsquo;appareil photos indispensable gliss\u00e9 dans la sacoche ou en vtt dans le sac \u00e0 dos.<\/span><\/h4>\n<h4 class=\"western\"><span style=\"color: #000080;\">Voil\u00e0 ma vie d&rsquo;aujourd&rsquo;hui, avec des soucis de sant\u00e9 par ailleurs qui m&rsquo;obligent \u00e0 \u00eatre prudent tout en continuant \u00e0 r\u00eaver \u00e0 de futurs voyages, \u00e0 pied, \u00e0 bicyclette, en bateau de Loire ou en cano\u00e9&#8230; Bref, en \u00e9tant tout simplement un photo-randonneur HEUREUX,<\/span><span style=\"color: #000080;\"> je prends du plaisir dans mon tourisme vert !<\/span><\/h4>\n<h4><span style=\"color: #000080;\">Vous voil\u00e0 renseign\u00e9s.<\/span><\/h4>\n<p><span style=\"color: #000080;\">jpcanc\u00e9<\/span><\/p>\n<p class=\"has-medium-font-size\"><strong>Le temps est venu\u2026 d\u2019une envie d\u2019AILLEURS\u2026<\/strong><\/p>\n<p>Apr\u00e8s 52 ann\u00e9es d\u2019un b\u00e9n\u00e9volat \u00ab engag\u00e9 \u00bb le temps est venu de retrouver une totale libert\u00e9. Plus aucun engagement b\u00e9n\u00e9vole \u00e0 ce jour, moment tellement attendu ces derniers mois ! Je viens de mettre un point final le samedi 31 mai 2025 au soir \u00e0 mon tout dernier engagement \u2026*<\/p>\n<p>Aucun regret dans ma vie b\u00e9n\u00e9vole pour toutes ces ann\u00e9es, un maximum de bons souvenirs ! J\u2019ai rencontr\u00e9 des personnes de qualit\u00e9, d\u2019autres beaucoup moins ! C\u2019est la vie !<\/p>\n<p>Je vais pouvoir me donner pleinement \u00e0 ma passion pour la randonn\u00e9e, entre itin\u00e9rance et photographie \u2026 Retrouver le go\u00fbt de regarder, d\u2019admirer, de photographier &#8230; sur les chemins de musarde.<\/p>\n<p>Vous me retrouverez, si vous le souhaitez, sur ce site internet \u00ab <a href=\"http:\/\/www.lescheminsdemusarde.fr\">www.lescheminsdemusarde.fr<\/a>\u00a0\u00bb et sur la page facebook \u00ab\u00a0les chemins de musarde, itin\u00e9rance et photographie\u00a0\u00bb.<\/p>\n<p>Au plaisir de se croiser \u2026<\/p>\n<p>* En responsabilit\u00e9 du site internet et de la page Facebook de mon club de rando p\u00e9destre.<\/p>\n\n\n<p class=\"has-text-color has-medium-font-size\" style=\"color:#035477\"><strong><em>Une Grande Tristesse !<\/em> <em>Il y a eu 5 ans le 12 f\u00e9vrier 2026 ! Un merveilleux petit \u00e2ne galope au paradis&#8230;<\/em><\/strong><\/p>\n\n\n\n<figure class=\"wp-block-image size-large\"><img loading=\"lazy\" decoding=\"async\" width=\"1024\" height=\"683\" src=\"https:\/\/lescheminsdemusarde.fr\/wp-content\/uploads\/2019\/10\/005-1024x683.jpg\" alt=\"\" class=\"wp-image-8119\" srcset=\"https:\/\/lescheminsdemusarde.fr\/wp-content\/uploads\/2019\/10\/005.jpg 1024w, https:\/\/lescheminsdemusarde.fr\/wp-content\/uploads\/2019\/10\/005-300x200.jpg 300w, https:\/\/lescheminsdemusarde.fr\/wp-content\/uploads\/2019\/10\/005-768x512.jpg 768w, https:\/\/lescheminsdemusarde.fr\/wp-content\/uploads\/2019\/10\/005-624x416.jpg 624w\" sizes=\"auto, (max-width: 1024px) 100vw, 1024px\" \/><\/figure>\n\n\n\n<p class=\"has-text-color\" style=\"color:#035477\"><\/p>\n\n\n\n<p class=\"has-text-color\" style=\"color:#035477\"><em><strong>Vendredi matin 12 f\u00e9vrier 2021, Messire Gaspard du Val, l&rsquo;\u00e2ne le plus photographi\u00e9 du GR 3, de la Loire \u00e0 v\u00e9lo, du chemin de Compostelle, s&rsquo;en est all\u00e9 gambader sur les prairies du paradis. Qu&rsquo;il y soit tr\u00e8s heureux ! \u00c2ne malicieux, joueur, amoureux de ses humains, nous l&rsquo;aimions beaucoup.<\/strong> <strong>Il va nous manquer <\/strong>! <strong>Grande tristesse !<\/strong><\/em><\/p>\n\n\n\n<p class=\"has-text-color\" style=\"color:#03597d\"><em><strong>A priori, son \u00e2ge avanc\u00e9 (pr\u00e8s de 30 ans), un soup\u00e7on de colon retourn\u00e9 (indices), le grand froid (- 9\u00b0) et un c\u0153ur vieillissant ont eu raison de sa belle vie.<\/strong> <strong>Son humain est tr\u00e8s malheureux tout comme sa famille.<\/strong> <strong>Immense tristesse !<\/strong><\/em><\/p>\n\n\n\n<p class=\"has-text-color\" style=\"color:#045477\"><strong><em>La grande humanit\u00e9 d&rsquo;un petit gar\u00e7on de 6 ans et demi qui ne veut pas voir son Papy malheureux. Il lui offre une de ses peluches repr\u00e9sentant un \u00e2ne. Messire Gaspard du Val au paradis des \u00e2nes en est tout \u00e9mu ! MERCI Renaud.<\/em><\/strong><\/p>\n\n\n\n<figure class=\"wp-block-image size-large is-resized\"><img loading=\"lazy\" decoding=\"async\" width=\"1024\" height=\"768\" src=\"https:\/\/lescheminsdemusarde.fr\/wp-content\/uploads\/2021\/02\/AAA.jpg\" alt=\"\" class=\"wp-image-10240\" style=\"width:167px;height:125px\" srcset=\"https:\/\/lescheminsdemusarde.fr\/wp-content\/uploads\/2021\/02\/AAA.jpg 1024w, https:\/\/lescheminsdemusarde.fr\/wp-content\/uploads\/2021\/02\/AAA-300x225.jpg 300w, https:\/\/lescheminsdemusarde.fr\/wp-content\/uploads\/2021\/02\/AAA-768x576.jpg 768w, https:\/\/lescheminsdemusarde.fr\/wp-content\/uploads\/2021\/02\/AAA-624x468.jpg 624w\" sizes=\"auto, (max-width: 1024px) 100vw, 1024px\" \/><\/figure>\n\n\n\n<p class=\"has-text-color\" style=\"color:#034b69\"><em><strong>Gaspard \u00e9tait tr\u00e8s pr\u00e9sent sur ce site internet et partageait parfois la plume, dans l&rsquo;humour, avec son humain.<\/strong> <strong>Une page se tourne <\/strong><\/em><strong><em>d\u00e9finitivement !<\/em><\/strong> <strong><em>Tristesse !<\/em><\/strong><\/p>\n","protected":false},"excerpt":{"rendered":"<p>Les chemins de musarde, un site internet \u00e0 d\u00e9couvrir &#8230; Les photos et les textes sont sign\u00e9s \u00ab\u00a0jpcanc\u00e9 photo\u00a0\u00bb pour www.lescheminsdemusarde.fr &#8212;&#8212;&#8212;&#8212;&#8212;&#8212;&#8212;&#8212;&#8212;&#8212;&#8212;&#8212;&#8212;- Avant toute chose, une information d&rsquo;importance : ce site internet est SANS PUBLICIT\u00c9. Hol\u00e0, c&rsquo;est moi jpcanc\u00e9 !\u00a0 &hellip; <a href=\"https:\/\/lescheminsdemusarde.fr\/?page_id=2142\">Continuer la lecture <span class=\"meta-nav\">&rarr;<\/span><\/a><\/p>\n","protected":false},"author":1,"featured_media":17449,"parent":0,"menu_order":2,"comment_status":"closed","ping_status":"closed","template":"","meta":{"_exactmetrics_skip_tracking":false,"_exactmetrics_sitenote_active":false,"_exactmetrics_sitenote_note":"","_exactmetrics_sitenote_category":0,"footnotes":""},"class_list":["post-2142","page","type-page","status-publish","has-post-thumbnail","hentry"],"_links":{"self":[{"href":"https:\/\/lescheminsdemusarde.fr\/index.php?rest_route=\/wp\/v2\/pages\/2142","targetHints":{"allow":["GET"]}}],"collection":[{"href":"https:\/\/lescheminsdemusarde.fr\/index.php?rest_route=\/wp\/v2\/pages"}],"about":[{"href":"https:\/\/lescheminsdemusarde.fr\/index.php?rest_route=\/wp\/v2\/types\/page"}],"author":[{"embeddable":true,"href":"https:\/\/lescheminsdemusarde.fr\/index.php?rest_route=\/wp\/v2\/users\/1"}],"replies":[{"embeddable":true,"href":"https:\/\/lescheminsdemusarde.fr\/index.php?rest_route=%2Fwp%2Fv2%2Fcomments&post=2142"}],"version-history":[{"count":1008,"href":"https:\/\/lescheminsdemusarde.fr\/index.php?rest_route=\/wp\/v2\/pages\/2142\/revisions"}],"predecessor-version":[{"id":18701,"href":"https:\/\/lescheminsdemusarde.fr\/index.php?rest_route=\/wp\/v2\/pages\/2142\/revisions\/18701"}],"wp:featuredmedia":[{"embeddable":true,"href":"https:\/\/lescheminsdemusarde.fr\/index.php?rest_route=\/wp\/v2\/media\/17449"}],"wp:attachment":[{"href":"https:\/\/lescheminsdemusarde.fr\/index.php?rest_route=%2Fwp%2Fv2%2Fmedia&parent=2142"}],"curies":[{"name":"wp","href":"https:\/\/api.w.org\/{rel}","templated":true}]}}