{"id":29,"date":"2014-08-18T14:59:29","date_gmt":"2014-08-18T14:59:29","guid":{"rendered":"http:\/\/lescheminsdemusarde.fr\/?page_id=29"},"modified":"2026-03-23T19:53:30","modified_gmt":"2026-03-23T18:53:30","slug":"liens","status":"publish","type":"page","link":"https:\/\/lescheminsdemusarde.fr\/?page_id=29","title":{"rendered":"Liens appr\u00e9ci\u00e9s"},"content":{"rendered":"<ul>\n<li>\n<h4><span style=\"color: #003366;\"><span style=\"color: #008000;\">La liste de ces liens est mise \u00e0 jour de temps \u00e0 autre&#8230; suivant l&rsquo;humeur !<\/span><\/span><\/h4>\n<\/li>\n<li><span style=\"color: #008000;\"><strong>\u00ab\u00a0Pr\u00e9histoire&#8230;\u00a0\u00bb<br \/><\/strong><\/span><\/li>\n<li><a href=\"http:\/\/carnetderandonnee.over-blog.com\/\"><span style=\"color: #000080;\">Un tout premier blog en 2007<\/span><\/a><\/li>\n<li>\u00a0<\/li>\n<li><span style=\"color: #008000;\"><strong>\u00ab\u00a0Pour la beaut\u00e9 de la nature&#8230;\u00a0\u00bb<\/strong><\/span><\/li>\n<li><a href=\"https:\/\/www.ferus.fr\/?fbclid=IwAR2Cs62xT98gyhiQTgsU6OsQilCtEc0prXRgw3t6q4ifiMvoHa63-CJzN5M\"><span style=\"color: #000080;\">FERUS : Ours-Loup-Lynx Conservation<\/span><\/a><\/li>\n<li><span style=\"color: #000080;\"><a style=\"color: #000080;\" href=\"https:\/\/www.lpo.fr\/\"><span style=\"color: #000080;\">LPO agir pour la biodiversit\u00e9 avec la Ligue de Protection des Oiseaux<\/span><\/a><\/span><\/li>\n<li><span style=\"color: #000080;\"><a style=\"color: #000080;\" href=\"https:\/\/www.canopee.ong\/\">Canop\u00e9e For\u00eats Vivantes<\/a><\/span><\/li>\n<li><span style=\"color: #000080;\"><a style=\"color: #000080;\" href=\"https:\/\/www.avenirforet.com\/\">Avenir For\u00eat<\/a><\/span><\/li>\n<li><a href=\"https:\/\/www.forets-partagees.fr\/\">F<span style=\"color: #000080;\">or\u00eats partag\u00e9es<\/span><\/a><\/li>\n<li><a href=\"https:\/\/www.highlandtitles.fr\/\"><span style=\"color: #000080;\">L&rsquo;Ecosse Higland Titles<\/span><\/a><\/li>\n<li><a href=\"https:\/\/www.merveillesnature.com\/\"><span style=\"color: #000080;\">MER&rsquo;VEILLES nature<\/span><\/a><\/li>\n<li><a href=\"https:\/\/www.acpc-photos.com\/\"><span style=\"color: #000080;\">Photographes par Nature<\/span><\/a><\/li>\n<li><a href=\"https:\/\/seashepherd.fr\/\"><span style=\"color: #000080;\">Sea Shepherd France<\/span><\/a><\/li>\n<li><span style=\"color: #000080;\"><a href=\"https:\/\/www.aspas-nature.org\/\"><span style=\"color: #000080;\">ASPAS : Association pour la Protection des Animaux Sauvages<\/span><\/a><\/span><\/li>\n<li><a href=\"https:\/\/www.conservatoiresites41.com\/\"><span style=\"color: #000080;\">Conservatoire d&rsquo;espaces naturels Loir-et-Cher<\/span><\/a><\/li>\n<li><a href=\"https:\/\/www.sologne-nature.org\/\"><span style=\"color: #000080;\">Sologne Nature Environnement<\/span><\/a><\/li>\n<li><a href=\"https:\/\/www.ofb.gouv.fr\/presentation\"><span style=\"color: #000080;\">Office Fran\u00e7ais de la biodiversit\u00e9\u00a0<\/span><\/a><\/li>\n<li><span style=\"color: #000080;\"><a style=\"color: #000080;\" href=\"https:\/\/verdelet4.wixsite.com\/website\">Comit\u00e9 de d\u00e9fense du Verdelet<\/a><\/span><\/li>\n<li>\u00a0<\/li>\n<li><span style=\"color: #008000;\"><strong>\u00ab\u00a0Itin\u00e9rances \u00e0 pied&#8230;\u00a0\u00bb<\/strong><\/span><\/li>\n<li>Un<a class=\"popup\" title=\"Blois B\u00e9gon Randonn\u00e9e - BBR - \" href=\"https:\/\/bloisbegonrandonnee.fr\/\"><span style=\"color: #000080;\">\u00a0club de randonn\u00e9e p\u00e9destre en Loir-et-Cher : Blois B\u00e9gon Randonn\u00e9e <\/span><\/a><\/li>\n<li><span style=\"color: #000080;\"><a style=\"color: #000080;\" href=\"http:\/\/loir-et-cher.ffrandonnee.fr\/\">Le Comit\u00e9 D\u00e9partemental de la Randonn\u00e9e en Loir-et-Cher<\/a><\/span><\/li>\n<li><span style=\"color: #000080;\"><a style=\"color: #000080;\" href=\"https:\/\/www.ffrandonnee.fr\/\">La F\u00e9d\u00e9ration Fran\u00e7aise de la Randonn\u00e9e P\u00e9destre<\/a><\/span><\/li>\n<li><a href=\"https:\/\/www.compostelle41.fr\/\"><span style=\"color: #000080;\">Les chemins de Compostelle en Loir-et-Cher avec Compostelle 41<\/span><\/a><\/li>\n<li><a href=\"https:\/\/www.mongr.fr\/\"><span style=\"color: #000080;\">Mon GR<\/span><\/a><\/li>\n<li><span style=\"color: #000080;\"><a style=\"color: #000080;\" href=\"https:\/\/itineranceenfrance.org\/\"><span style=\"color: #000080;\">Les grands itin\u00e9raires p\u00e9destres en France<\/span><\/a><\/span><\/li>\n<li><a href=\"https:\/\/www.randonner-malin.com\/\"><span style=\"color: #000080;\">Randonner malin<\/span><\/a><\/li>\n<li><a href=\"https:\/\/uneaventureparjour.fr\/\"><span style=\"color: #000080;\"><span style=\"color: #000080;\">Une aventure par jour<\/span><\/span><\/a><\/li>\n<li><a href=\"https:\/\/linstantvagabond.fr\/\"><span style=\"color: #000080;\">A d\u00e9couvrir : L&rsquo;instant vagabond<\/span><\/a><\/li>\n<li><a href=\"http:\/\/www.bourricot.com\/\"><span style=\"color: #000080;\"><span style=\"color: #000080;\">Randonner avec un \u00e2ne<\/span><\/span><\/a><\/li>\n<li>\u00a0<\/li>\n<li><strong><span style=\"color: #008000;\">\u00ab\u00a0Vagabondages \u00e0 bicyclette&#8230;\u00a0\u00bb<\/span><br \/><\/strong><\/li>\n<li><a class=\"popup\" title=\"La revue : Le Randonneur \" href=\"https:\/\/www.le-randonneur.eu\/\"><span style=\"color: #000080;\">Le Randonneur \u00ab\u00a0la revue du tourisme \u00e0 bicyclette\u00a0\u00bb<\/span><\/a><\/li>\n<li><span style=\"color: #000080;\"><a style=\"color: #000080;\" href=\"http:\/\/cyclo-arc.fr\/?lang=fr\">L&rsquo;Amicale des Randonneurs Cyclo-touristes Picto-Charentais<\/a><\/span><\/li>\n<li><a href=\"https:\/\/www.modachulvelo.com\"><span style=\"color: #000080;\">Modachulvelo \u00ab\u00a0le site internet d&rsquo;un grand voyageur\u00a0\u00bb<\/span><\/a><\/li>\n<li><a class=\"popup\" title=\"La Confr\u00e9rie des 650\" href=\"http:\/\/www.confreriedes650.org\/\"><span style=\"color: #000080;\">La Confr\u00e9rie des 650<\/span><\/a><\/li>\n<li><span style=\"color: #000080;\"><a class=\"popup\" style=\"color: #000080;\" title=\"Le Club des 100 Cols\" href=\"http:\/\/www.centcols.org\/\">Le Club des 100 Cols<\/a><\/span><\/li>\n<li><a href=\"https:\/\/www.cyclo-camping.international\/fr\"><span style=\"color: #000080;\"><span style=\"color: #000080;\">Cyclo-Camping International<\/span><\/span><\/a><\/li>\n<li><a href=\"http:\/\/lasacochecyclo.free.fr\/\"><span style=\"color: #000080;\">La Sacoche \u00ab\u00a0la revue des cyclos qui ont le temps\u00a0\u00bb<\/span><\/a><\/li>\n<li>\u00a0<\/li>\n<li><span style=\"color: #008000;\"><strong>\u00ab Marinier de Loire va toujours beau, gueux sur terre, seigneur sur l\u2019eau \u00bb<br \/><\/strong><\/span><\/li>\n<li><a href=\"http:\/\/marins-port-chambord.fr\/\"><span style=\"color: #000080;\">Les Marins du Port de Chambord \u00e0 St Dy\u00e9-sur-Loire<\/span><\/a><\/li>\n<li><span style=\"color: #000080;\"><a style=\"color: #000080;\" href=\"https:\/\/loire-emoi.fr\/\">Loire-Emoi \u00e0 St Dy\u00e9-sur-Loire<\/a><\/span><\/li>\n<li><a href=\"https:\/\/www.observatoireloire.fr\/\"><span style=\"color: #000080;\">L&rsquo;Observatoire Loire \u00e0 Blois-La Chauss\u00e9e-St-Victor<\/span><\/a><\/li>\n<li><span style=\"color: #000080;\"><a style=\"color: #000080;\" href=\"https:\/\/nova-loire.fr\/\">Novaloire au lac de Loire \u00e0 Blois-Vineuil<\/a><\/span><\/li>\n<li><a href=\"https:\/\/marinedeloire.wordpress.com\/?fbclid=IwAR2b3lOsCpAYm459pep7U1rItWVT5eMrhLylOw1gDO_B1a86NAgxx-7_ulw\"><span style=\"color: #000080;\">Marine de Loire \u00e0 Blois<\/span><\/a><\/li>\n<li><a href=\"http:\/\/www.milliere-raboton.net\/\"><span style=\"color: #000080;\">Milli\u00e8re Raboton homme de Loire \u00e0 Chaumont-sur-Loire<\/span><\/a><\/li>\n<li><span style=\"color: #000080;\"><a style=\"color: #000080;\" href=\"https:\/\/momentsdeloire.fr\/\">Moments de Loire \u00e0 Chaumont-sur-Loire<\/a><\/span><\/li>\n<li><a href=\"https:\/\/www.federationmaisonsdeloire.fr\/\"><span style=\"color: #000080;\">La F\u00e9d\u00e9ration des Maisons de Loire<\/span><\/a><\/li>\n<li><a href=\"https:\/\/www.maisondeloire41.fr\/\"><span style=\"color: #000080;\">La Maison de la Loire 41 \u00e0 St Dy\u00e9-sur-Loire<\/span><\/a><\/li>\n<li><span style=\"color: #000080;\"><a style=\"color: #000080;\" href=\"http:\/\/kairos-chambord.fr\/\"><span style=\"color: #000080;\">Ka\u00efros Chambord<\/span><\/a><\/span><\/li>\n<li><a href=\"https:\/\/www.editions-la-salicaire.com\/\"><span style=\"color: #000080;\"><span style=\"color: #000080;\">L&rsquo;histoire de la marine de Loire<\/span> <span style=\"color: #000080;\">aux \u00c9ditions la Salicaire<\/span><\/span><\/a><\/li>\n<li>\u00a0<\/li>\n<li><span style=\"color: #008000;\"><strong>\u00ab\u00a0En suivant la Loire&#8230;\u00a0\u00bb<\/strong><\/span><\/li>\n<li><a href=\"https:\/\/www.mongr.fr\/trouver-prochaine-randonnee\/itineraire\/gr-3-la-loire-sauvage-a-pied\"><span style=\"color: #000080;\">Le GR 3 La Loire sauvage \u00e0 pied<\/span><\/a><\/li>\n<li><a href=\"http:\/\/www.loireavelo.fr\/\"><span style=\"color: #000080;\">La Loire \u00e0 V\u00e9lo<\/span><\/a><\/li>\n<li><a href=\"http:\/\/www.chateauxavelo.com\/\"><span style=\"color: #000080;\">Les Ch\u00e2teaux \u00e0 V\u00e9lo<\/span><\/a><\/li>\n<li><span style=\"color: #000080;\"><a style=\"color: #000080;\" href=\"http:\/\/www.100pour100bike.fr\/\">Un v\u00e9lociste r\u00e9pare votre bicyclette sur La Loire \u00e0 V\u00e9lo<\/a><\/span><\/li>\n<li><a href=\"http:\/\/bougezautrementablois.over-blog.com\/\"><span style=\"color: #000080;\">Bougez autrement \u00e0 Blois<\/span><\/a><\/li>\n<li>\u00a0<\/li>\n<li><strong><span style=\"color: #000080;\"><span style=\"color: #008000;\">\u00ab\u00a0Pour une Loire propre..<\/span><\/span><\/strong><span style=\"color: #008000;\"><strong>.\u00a0\u00bb<\/strong><\/span><\/li>\n<li><a href=\"http:\/\/lapagaiesauvage.org\/\"><span style=\"color: #000080;\"> L&rsquo;Observatoire des microplastiques<\/span><\/a><\/li>\n<li>\u00a0<\/li>\n<li><span style=\"color: #008000;\"><strong>Coups de c\u0153ur pour \u00ab\u00a0un coin de France remarquable&#8230;\u00a0\u00bb<br \/><\/strong><\/span><\/li>\n<li><span style=\"color: #000080;\"><a style=\"color: #000080;\" href=\"https:\/\/www.allier-auvergne-tourisme.com\/nature\/espaces-naturels\/la-foret-de-troncais-222-1.html\"><span style=\"color: #000080;\">La for\u00eat de Tron\u00e7ais<\/span><\/a><\/span><\/li>\n<li><a href=\"https:\/\/lescheminsdemusarde.fr\/?p=13183\"><span style=\"color: #000080;\">Le Refuge du Grand Ch\u00eane en for\u00eat de Tron\u00e7ais<\/span><\/a><\/li>\n<li><span style=\"color: #000080;\"><a style=\"color: #000080;\" href=\"https:\/\/www.belle-ile.com\/\"><span style=\"color: #000080;\">Belle-\u00cele-en-Mer<\/span><\/a><\/span><\/li>\n<li><span style=\"color: #000080;\"><a style=\"color: #000080;\" href=\"https:\/\/www.parc-naturel-aubrac.fr\/territoire\/flore\/\"><span style=\"color: #000080;\">L&rsquo;Aubrac fleuri<\/span><\/a><\/span><\/li>\n<li><span style=\"color: #000080;\"><a style=\"color: #000080;\" href=\"https:\/\/www.chambord.org\/fr\/\"><span style=\"color: #000080;\">Le ch\u00e2teau de Chambord<\/span><\/a><\/span><\/li>\n<li><span style=\"color: #000080;\"><a style=\"color: #000080;\" href=\"https:\/\/www.val-de-loire-41.com\/decouvrez-les-4-territoires-du-coeur-val-de-loire\/la-sologne\/\">La Sologne du Loir-et-Cher<\/a><\/span><\/li>\n<li><span style=\"color: #000080;\"><a style=\"color: #000080;\" href=\"http:\/\/www.archeoforet.org\/ouvre\/result\/etang\/index.htm\"><span style=\"color: #000080;\">L&rsquo;\u00e9tang de Montpercher<\/span><\/a><\/span><\/li>\n<li>\u00a0<\/li>\n<li><strong><span style=\"color: #008000;\">\u00ab\u00a0Litt\u00e9rature de voyage, \u00e0 pied et \u00e0 bicyclette&#8230;\u00a0\u00bb<\/span><\/strong><\/li>\n<li><span style=\"color: #000080;\"><a style=\"color: #000080;\" href=\"http:\/\/www.cheminsdetoiles.com\/\">Chemins d\u2019\u00c9toiles<\/a><\/span><\/li>\n<li><a href=\"https:\/\/www.lepelerin.com\/chemins-pelerinages\"><span style=\"color: #000080;\"><span style=\"color: #000080;\">L\u2019\u00c9cho des chemins<\/span><\/span><\/a><\/li>\n<li><a href=\"http:\/\/biblio-cyclesdephilippeorgebin.hautetfort.com\/\"><span style=\"color: #000080;\">Biblio-Cycles<\/span><\/a><\/li>\n<li><span style=\"color: #000080;\"><a style=\"color: #000080;\" href=\"http:\/\/www.crlv.org\/\">Centre de recherche sur la litt\u00e9rature des voyages<\/a><\/span><\/li>\n<li>\u00a0<\/li>\n<li><span style=\"color: #008000;\"><strong>\u00ab\u00a0Des h\u00e9bergements pour randonneurs&#8230;\u00a0\u00bb<br \/><\/strong><\/span><\/li>\n<li><span style=\"color: #000080;\"><a style=\"color: #000080;\" href=\"http:\/\/www.gites-refuges.com\/v2\/\"><span style=\"color: #000080;\">Gites d&rsquo;\u00e9tape et refuges<\/span><\/a><\/span><\/li>\n<li><a href=\"https:\/\/www.grandsgites.com\/\"><span style=\"color: #000080;\">G\u00eetes de groupes<\/span><\/a><\/li>\n<li><span style=\"color: #000080;\"><a style=\"color: #000080;\" href=\"https:\/\/www.refuges.info\/\">Les refuges<\/a><\/span><\/li>\n<\/ul>\n\n\n<p><\/p>\n","protected":false},"excerpt":{"rendered":"<p>La liste de ces liens est mise \u00e0 jour de temps \u00e0 autre&#8230; suivant l&rsquo;humeur ! \u00ab\u00a0Pr\u00e9histoire&#8230;\u00a0\u00bb Un tout premier blog en 2007 \u00a0 \u00ab\u00a0Pour la beaut\u00e9 de la nature&#8230;\u00a0\u00bb FERUS : Ours-Loup-Lynx Conservation LPO agir pour la biodiversit\u00e9 avec &hellip; <a href=\"https:\/\/lescheminsdemusarde.fr\/?page_id=29\">Continuer la lecture <span class=\"meta-nav\">&rarr;<\/span><\/a><\/p>\n","protected":false},"author":1,"featured_media":16775,"parent":0,"menu_order":0,"comment_status":"open","ping_status":"open","template":"","meta":{"_exactmetrics_skip_tracking":false,"_exactmetrics_sitenote_active":false,"_exactmetrics_sitenote_note":"","_exactmetrics_sitenote_category":0,"footnotes":""},"class_list":["post-29","page","type-page","status-publish","has-post-thumbnail","hentry"],"_links":{"self":[{"href":"https:\/\/lescheminsdemusarde.fr\/index.php?rest_route=\/wp\/v2\/pages\/29","targetHints":{"allow":["GET"]}}],"collection":[{"href":"https:\/\/lescheminsdemusarde.fr\/index.php?rest_route=\/wp\/v2\/pages"}],"about":[{"href":"https:\/\/lescheminsdemusarde.fr\/index.php?rest_route=\/wp\/v2\/types\/page"}],"author":[{"embeddable":true,"href":"https:\/\/lescheminsdemusarde.fr\/index.php?rest_route=\/wp\/v2\/users\/1"}],"replies":[{"embeddable":true,"href":"https:\/\/lescheminsdemusarde.fr\/index.php?rest_route=%2Fwp%2Fv2%2Fcomments&post=29"}],"version-history":[{"count":935,"href":"https:\/\/lescheminsdemusarde.fr\/index.php?rest_route=\/wp\/v2\/pages\/29\/revisions"}],"predecessor-version":[{"id":18675,"href":"https:\/\/lescheminsdemusarde.fr\/index.php?rest_route=\/wp\/v2\/pages\/29\/revisions\/18675"}],"wp:featuredmedia":[{"embeddable":true,"href":"https:\/\/lescheminsdemusarde.fr\/index.php?rest_route=\/wp\/v2\/media\/16775"}],"wp:attachment":[{"href":"https:\/\/lescheminsdemusarde.fr\/index.php?rest_route=%2Fwp%2Fv2%2Fmedia&parent=29"}],"curies":[{"name":"wp","href":"https:\/\/api.w.org\/{rel}","templated":true}]}}